{"id":453,"date":"2018-11-26T12:47:06","date_gmt":"2018-11-26T12:47:06","guid":{"rendered":"http:\/\/www.nodmuhendislik.com\/?page_id=453"},"modified":"2023-07-07T06:51:19","modified_gmt":"2023-07-07T06:51:19","slug":"contact","status":"publish","type":"page","link":"http:\/\/www.nodmuhendislik.com\/?page_id=453","title":{"rendered":"\u0130leti\u015fim"},"content":{"rendered":"\n\n\t<h1>\n\t\t\t\t\t\u0130leti\u015fim\n\t\t\t\t<\/h1>\n\t<h2>\n\t\t\t\t\t\u0130leti\u015fim\n\t\t\t\t<\/h2>\n\t\t\t<p>Elektronik ve ayd\u0131nlatma sistemlerindeki tecr\u00fcbelerimizle projelerinizde size yard\u0131mc\u0131 olabilmemiz i\u00e7in l\u00fctfen bizimle ileti\u015fime ge\u00e7in.<\/p>\n\t<ul>\n\t\t<li>\t\t\t\t\n\t\t<h5>Yeni\u015fehir, Work-Square, 34912 Pendik\/\u0130stanbul<\/h5><\/li><li>\t\t\t\t\n\t\t<h5>info@nodmuhendislik.com<\/h5><\/li>\t<\/ul>\n\t<div class=\"wpforms-container \" id=\"wpforms-24\"><form id=\"wpforms-form-24\" class=\"wpforms-validate wpforms-form\" data-formid=\"24\" method=\"post\" enctype=\"multipart\/form-data\" action=\"\/index.php?rest_route=%2Fwp%2Fv2%2Fpages%2F453\" data-token=\"1ec51fe7f9686e4a8972ecf34dc51649\"><noscript class=\"wpforms-error-noscript\">Please enable JavaScript in your browser to complete this form.<\/noscript><div class=\"wpforms-field-container\"><div id=\"wpforms-24-field_0-container\" class=\"wpforms-field wpforms-field-name\" data-field-id=\"0\"><label class=\"wpforms-field-label\" for=\"wpforms-24-field_0\">Your Name  <span class=\"wpforms-required-label\">*<\/span><\/label><input type=\"text\" id=\"wpforms-24-field_0\" class=\"wpforms-field-large wpforms-field-required\" name=\"wpforms[fields][0]\" required><\/div><div id=\"wpforms-24-field_1-container\" class=\"wpforms-field wpforms-field-email\" data-field-id=\"1\"><label class=\"wpforms-field-label\" for=\"wpforms-24-field_1\">Email <span class=\"wpforms-required-label\">*<\/span><\/label><input type=\"email\" id=\"wpforms-24-field_1\" class=\"wpforms-field-large wpforms-field-required\" name=\"wpforms[fields][1]\" required><\/div><div id=\"wpforms-24-field_4-container\" class=\"wpforms-field wpforms-field-text\" data-field-id=\"4\"><label class=\"wpforms-field-label\" for=\"wpforms-24-field_4\">Subject <span class=\"wpforms-required-label\">*<\/span><\/label><input type=\"text\" id=\"wpforms-24-field_4\" class=\"wpforms-field-large wpforms-field-required\" name=\"wpforms[fields][4]\" required><\/div><div id=\"wpforms-24-field_2-container\" class=\"wpforms-field wpforms-field-textarea\" data-field-id=\"2\"><label class=\"wpforms-field-label\" for=\"wpforms-24-field_2\">Your Message <span class=\"wpforms-required-label\">*<\/span><\/label><textarea id=\"wpforms-24-field_2\" class=\"wpforms-field-large wpforms-field-required\" name=\"wpforms[fields][2]\" required><\/textarea><\/div><\/div><div class=\"wpforms-field wpforms-field-hp\"><label for=\"wpforms-24-field-hp\" class=\"wpforms-field-label\">Email<\/label><input type=\"text\" name=\"wpforms[hp]\" id=\"wpforms-24-field-hp\" class=\"wpforms-field-medium\"><\/div><div class=\"wpforms-submit-container\"><input type=\"hidden\" name=\"wpforms[id]\" value=\"24\"><input type=\"hidden\" name=\"wpforms[author]\" value=\"1\"><button type=\"submit\" name=\"wpforms[submit]\" id=\"wpforms-submit-24\" class=\"wpforms-submit\" data-alt-text=\"Sending...\" data-submit-text=\"SEND MESSAGE\" aria-live=\"assertive\" value=\"wpforms-submit\">SEND MESSAGE<\/button><\/div><\/form><\/div>  <!-- .wpforms-container -->\t\n\t<iframe src=\"https:\/\/www.google.com\/maps\/embed?pb=!1m18!1m12!1m3!1d3014.479434354886!2d29.306287175813228!3d40.92715857136204!2m3!1f0!2f0!3f0!3m2!1i1024!2i768!4f13.1!3m3!1m2!1s0x14cada113e957fc9%3A0x294d7b415656c46c!2sMVK%20Work-Square!5e0!3m2!1sen!2str!4v1688711330030!5m2!1sen!2str\" width=\"100%\" height=\"450\" allowfullscreen=\"\" loading=\"lazy\" referrerpolicy=\"no-referrer-when-downgrade\"><\/iframe>\n\n","protected":false},"excerpt":{"rendered":"<p>\u0130leti\u015fim \u0130leti\u015fim Elektronik ve ayd\u0131nlatma sistemlerindeki tecr\u00fcbelerimizle projelerinizde size yard\u0131mc\u0131 olabilmemiz i\u00e7in l\u00fctfen bizimle ileti\u015fime ge\u00e7in. Yeni\u015fehir, Work-Square, 34912 Pendik\/\u0130stanbul info@nodmuhendislik.com<\/p>\n","protected":false},"author":1,"featured_media":0,"parent":0,"menu_order":0,"comment_status":"closed","ping_status":"closed","template":"","meta":{"site-sidebar-layout":"no-sidebar","site-content-layout":"page-builder","ast-main-header-display":"","ast-hfb-above-header-display":"","ast-hfb-below-header-display":"","ast-hfb-mobile-header-display":"","site-post-title":"disabled","ast-breadcrumbs-content":"","ast-featured-img":"disabled","footer-sml-layout":"","theme-transparent-header-meta":"enabled","adv-header-id-meta":"","stick-header-meta":"","header-above-stick-meta":"","header-main-stick-meta":"","header-below-stick-meta":""},"_links":{"self":[{"href":"http:\/\/www.nodmuhendislik.com\/index.php?rest_route=\/wp\/v2\/pages\/453"}],"collection":[{"href":"http:\/\/www.nodmuhendislik.com\/index.php?rest_route=\/wp\/v2\/pages"}],"about":[{"href":"http:\/\/www.nodmuhendislik.com\/index.php?rest_route=\/wp\/v2\/types\/page"}],"author":[{"embeddable":true,"href":"http:\/\/www.nodmuhendislik.com\/index.php?rest_route=\/wp\/v2\/users\/1"}],"replies":[{"embeddable":true,"href":"http:\/\/www.nodmuhendislik.com\/index.php?rest_route=%2Fwp%2Fv2%2Fcomments&post=453"}],"version-history":[{"count":11,"href":"http:\/\/www.nodmuhendislik.com\/index.php?rest_route=\/wp\/v2\/pages\/453\/revisions"}],"predecessor-version":[{"id":549,"href":"http:\/\/www.nodmuhendislik.com\/index.php?rest_route=\/wp\/v2\/pages\/453\/revisions\/549"}],"wp:attachment":[{"href":"http:\/\/www.nodmuhendislik.com\/index.php?rest_route=%2Fwp%2Fv2%2Fmedia&parent=453"}],"curies":[{"name":"wp","href":"https:\/\/api.w.org\/{rel}","templated":true}]}}